{"id":4400,"date":"2021-10-12T15:51:09","date_gmt":"2021-10-12T15:51:09","guid":{"rendered":"http:\/\/dummy.xtemos.com\/woodmart2\/elementor\/?page_id=4400"},"modified":"2025-12-03T05:19:57","modified_gmt":"2025-12-03T02:19:57","slug":"kurumsal","status":"publish","type":"page","link":"https:\/\/barantat.com.tr\/ar\/kurumsal\/","title":{"rendered":"\u0627\u0644\u0634\u0631\u0643\u0627\u062a"},"content":{"rendered":"<div data-elementor-type=\"wp-page\" data-elementor-id=\"4400\" class=\"elementor elementor-4400\">\n\t\t\t\t<div class=\"wd-negative-gap elementor-element elementor-element-cde90af e-flex e-con-boxed e-con e-parent\" data-id=\"cde90af\" data-element_type=\"container\">\n\t\t\t\t\t<div class=\"e-con-inner\">\n\t\t<div class=\"elementor-element elementor-element-5e13da5 e-con-full e-flex e-con e-child\" data-id=\"5e13da5\" data-element_type=\"container\" data-settings=\"{&quot;background_background&quot;:&quot;classic&quot;}\">\n\t\t\t\t<div class=\"elementor-element elementor-element-76b4c6a wd-width-100 elementor-widget elementor-widget-wd_title\" data-id=\"76b4c6a\" data-element_type=\"widget\" data-widget_type=\"wd_title.default\">\n\t\t\t\t<div class=\"elementor-widget-container\">\n\t\t\t\t\t\t\t<div class=\"title-wrapper wd-set-mb reset-last-child wd-title-color-default wd-title-style-default wd-title-size-default text-left\">\n\n\t\t\t\t\t\t\t\t\t\t\t<div class=\"title-subtitle subtitle-color-default subtitle-style-default wd-fontsize-xs\">\n\t\t\t\t\t\u0645\u0639 \u0633\u0646\u0648\u0627\u062a \u0645\u0646 \u0627\u0644\u062e\u0628\u0631\u0629\t\t\t\t<\/div>\n\t\t\t\n\t\t\t<div class=\"liner-continer\">\n\t\t\t\t<h4 class=\"woodmart-title-container title wd-fontsize-l\">\u062d\u064a\u0627\u062a\u0643 <br> \u0641\u0625\u0646\u0646\u0627 \u0646\u0642\u0648\u0645 \u0628\u0625\u0636\u0627\u0641\u0629 \u0646\u0643\u0647\u0629...<\/h4> \n\t\t\t\t\t\t\t<\/div>\n\n\t\t\t\t\t\t\t<div class=\"title-after_title reset-last-child wd-fontsize-xs\">\n\t\t\t\t\t<p>Barantat \u0627\u0644\u063a\u0630\u0627\u0626\u064a\u0629 \u0627\u0644\u0635\u0646\u0627\u0639\u064a\u0629 \u0627\u0644\u0645\u0643\u0633\u0631\u0627\u062a \u0627\u0644\u0635\u0646\u0627\u0639\u064a\u0629 \u0648\u0627\u0644\u062a\u062c\u0627\u0631\u064a\u0629 \u0634\u0631\u0643\u0629 2019 \u0641\u064a \u0625\u0646\u062a\u0627\u062c \u0627\u0644\u0641\u0633\u062a\u0642, \u0645\u0631\u0643\u0632 \u062a\u062c\u0627\u0631\u064a \u0648\u0635\u0646\u0627\u0639\u064a \u060c \u0627\u0644\u062a\u064a \u0623\u0646\u0634\u0626\u062a \u0641\u064a \u063a\u0627\u0632\u064a \u0639\u0646\u062a\u0627\u0628.<\/p><p>\u0627\u0644\u0645\u0648\u0636\u0648\u0639 \u0627\u0644\u0631\u0626\u064a\u0633\u064a \u0644\u0644\u0634\u0631\u0643\u0629 \u0641\u064a \u0627\u0644\u0641\u0633\u062a\u0642 \u0648\u063a\u064a\u0631\u0647\u0627 \u0645\u0646 \u0627\u0644\u0645\u0643\u0633\u0631\u0627\u062a \u0648\u0627\u0644\u0641\u0648\u0627\u0643\u0647 \u0627\u0644\u0645\u062c\u0641\u0641\u0629 \u0645\u0646\u062a\u062c\u0627\u062a\u0647\u0627 \u0647\u0648 \u062a\u0635\u0646\u064a\u0639 \u0648\u0628\u064a\u0639 \u0645\u062c\u0645\u0648\u0639\u0629 \u0645\u062a\u0646\u0648\u0639\u0629 \u0645\u0646. \u00a0<\/p><p>Barantat \u0627\u0644\u063a\u0630\u0627\u0626\u064a\u0629 \u0648\u0627\u0644\u0645\u0643\u0633\u0631\u0627\u062a \u060c \u0648\u062e\u0627\u0635\u0629 \u0627\u0644\u0641\u0633\u062a\u0642 \u060c \u0628\u0645\u0627 \u0641\u064a \u0630\u0644\u0643 \u062d\u0644\u0648\u0649, \u0622\u064a\u0633 \u0643\u0631\u064a\u0645, \u0627\u0644\u0634\u0648\u0643\u0648\u0644\u0627\u062a\u0647 \u0627\u0644\u062e\u0637\u0645\u064a, \u0643\u0639\u0643\u0629 \u0627\u0644\u062d\u0644\u0648\u0649 \u0648\u0627\u0644\u0635\u0646\u0627\u0639\u0627\u062a \u0627\u0644\u0645\u0645\u0627\u062b\u0644\u0629 \u064a\u062d\u062a\u0627\u062c \u0627\u0644\u0645\u0643\u0633\u0631\u0627\u062a \u0648\u0627\u0644\u0641\u0648\u0627\u0643\u0647 \u0627\u0644\u062c\u0627\u0641\u0629 \u062c\u0645\u064a\u0639 \u0634\u0631\u0627\u0626\u062d \u0627\u0644\u0645\u0641\u0631\u0648\u0645 \u0646\u0627\u0639\u0645 \u0648 \u0644\u0648\u0646 \u0648 \u062d\u062c\u0645 \u062a\u0645\u0627\u064a\u0632 \u0627\u0644\u0645\u0646\u062a\u062c\u0627\u062a \u062c\u0646\u0628\u0627 \u0625\u0644\u0649 \u062c\u0646\u0628 \u0645\u0639 \u0643\u0631\u064a\u0645 \u0648\u062a\u0634\u0627\u0631\u0643 \u0641\u064a \u062a\u0635\u0646\u064a\u0639 \u0627\u0644\u0646\u0642\u064a.<\/p>\t\t\t\t<\/div>\n\t\t\t\t\t<\/div>\n\t\t\t\t\t\t<\/div>\n\t\t\t\t<\/div>\n\t\t\t\t<div class=\"elementor-element elementor-element-b54038e elementor-widget elementor-widget-wd_image_or_svg\" data-id=\"b54038e\" data-element_type=\"widget\" data-widget_type=\"wd_image_or_svg.default\">\n\t\t\t\t<div class=\"elementor-widget-container\">\n\t\t\t\t\t\n\t\t<div class=\"wd-image text-left\">\n\t\t\t\t\t\t\t\t<img loading=\"lazy\" decoding=\"async\" width=\"600\" height=\"141\" src=\"https:\/\/barantat.com.tr\/wp-content\/uploads\/2025\/11\/logolar.png\" class=\"attachment-full size-full\" alt=\"\" srcset=\"https:\/\/barantat.com.tr\/wp-content\/uploads\/2025\/11\/logolar.png 600w, https:\/\/barantat.com.tr\/wp-content\/uploads\/2025\/11\/logolar-400x94.png 400w\" sizes=\"auto, (max-width: 600px) 100vw, 600px\" \/>\t\t\t\t\t<\/div>\n\n\t\t\t\t\t\t<\/div>\n\t\t\t\t<\/div>\n\t\t\t\t<\/div>\n\t\t<div class=\"elementor-element elementor-element-0c953e0 e-con-full e-flex e-con e-child\" data-id=\"0c953e0\" data-element_type=\"container\">\n\t\t\t\t<div class=\"elementor-element elementor-element-7eafe57 elementor-widget elementor-widget-wd_image_or_svg\" data-id=\"7eafe57\" data-element_type=\"widget\" data-widget_type=\"wd_image_or_svg.default\">\n\t\t\t\t<div class=\"elementor-widget-container\">\n\t\t\t\t\t\n\t\t<div class=\"wd-image text-left\">\n\t\t\t\t\t\t\t\t<img loading=\"lazy\" decoding=\"async\" width=\"1391\" height=\"1315\" src=\"https:\/\/barantat.com.tr\/wp-content\/uploads\/2025\/11\/hak.png\" class=\"attachment-full size-full\" alt=\"\" srcset=\"https:\/\/barantat.com.tr\/wp-content\/uploads\/2025\/11\/hak.png 1391w, https:\/\/barantat.com.tr\/wp-content\/uploads\/2025\/11\/hak-317x300.png 317w, https:\/\/barantat.com.tr\/wp-content\/uploads\/2025\/11\/hak-846x800.png 846w, https:\/\/barantat.com.tr\/wp-content\/uploads\/2025\/11\/hak-768x726.png 768w\" sizes=\"auto, (max-width: 1391px) 100vw, 1391px\" \/>\t\t\t\t\t<\/div>\n\n\t\t\t\t\t\t<\/div>\n\t\t\t\t<\/div>\n\t\t\t\t<\/div>\n\t\t\t\t\t<\/div>\n\t\t\t\t<\/div>\n\t\t\t\t<\/div>","protected":false},"excerpt":{"rendered":"<p>Y\u0131llar\u0131n deneyimi ile hayat\u0131n\u0131za lezzet kat\u0131yoruz&#8230; Barantat G\u0131da End\u00fcstriyel Kuruyemi\u015f Sanayi ve Ticaret Limited \u015eirketi, 2019 y\u0131l\u0131nda, Antep f\u0131st\u0131\u011f\u0131n\u0131n \u00fcretim,<\/p>","protected":false},"author":2,"featured_media":0,"parent":0,"menu_order":0,"comment_status":"closed","ping_status":"closed","template":"","meta":{"footnotes":""},"class_list":["post-4400","page","type-page","status-publish","hentry"],"_links":{"self":[{"href":"https:\/\/barantat.com.tr\/ar\/wp-json\/wp\/v2\/pages\/4400","targetHints":{"allow":["GET"]}}],"collection":[{"href":"https:\/\/barantat.com.tr\/ar\/wp-json\/wp\/v2\/pages"}],"about":[{"href":"https:\/\/barantat.com.tr\/ar\/wp-json\/wp\/v2\/types\/page"}],"author":[{"embeddable":true,"href":"https:\/\/barantat.com.tr\/ar\/wp-json\/wp\/v2\/users\/2"}],"replies":[{"embeddable":true,"href":"https:\/\/barantat.com.tr\/ar\/wp-json\/wp\/v2\/comments?post=4400"}],"version-history":[{"count":96,"href":"https:\/\/barantat.com.tr\/ar\/wp-json\/wp\/v2\/pages\/4400\/revisions"}],"predecessor-version":[{"id":34181,"href":"https:\/\/barantat.com.tr\/ar\/wp-json\/wp\/v2\/pages\/4400\/revisions\/34181"}],"wp:attachment":[{"href":"https:\/\/barantat.com.tr\/ar\/wp-json\/wp\/v2\/media?parent=4400"}],"curies":[{"name":"wp","href":"https:\/\/api.w.org\/{rel}","templated":true}]}}