{"id":33917,"date":"2025-11-11T16:27:11","date_gmt":"2025-11-11T13:27:11","guid":{"rendered":"https:\/\/barantat.com.tr\/?page_id=33917"},"modified":"2025-11-26T00:12:17","modified_gmt":"2025-11-25T21:12:17","slug":"uretim","status":"publish","type":"page","link":"https:\/\/barantat.com.tr\/en\/uretim\/","title":{"rendered":"Production"},"content":{"rendered":"<div data-elementor-type=\"wp-page\" data-elementor-id=\"33917\" class=\"elementor elementor-33917\">\n\t\t\t\t<div class=\"wd-negative-gap elementor-element elementor-element-359b0d6 e-flex e-con-boxed e-con e-parent\" data-id=\"359b0d6\" data-element_type=\"container\">\n\t\t\t\t\t<div class=\"e-con-inner\">\n\t\t<div class=\"elementor-element elementor-element-8497859 e-con-full e-flex e-con e-child\" data-id=\"8497859\" data-element_type=\"container\" data-settings=\"{&quot;background_background&quot;:&quot;classic&quot;}\">\n\t\t\t\t<div class=\"elementor-element elementor-element-9ec4cc5 wd-width-100 elementor-widget elementor-widget-wd_title\" data-id=\"9ec4cc5\" data-element_type=\"widget\" data-widget_type=\"wd_title.default\">\n\t\t\t\t<div class=\"elementor-widget-container\">\n\t\t\t\t\t\t\t<div class=\"title-wrapper wd-set-mb reset-last-child wd-title-color-default wd-title-style-default wd-title-size-default text-left\">\n\n\t\t\t\t\t\t\t\t\t\t\t<div class=\"title-subtitle subtitle-color-default subtitle-style-default wd-fontsize-xs\">\n\t\t\t\t\tWithout compromising on quality\t\t\t\t<\/div>\n\t\t\t\n\t\t\t<div class=\"liner-continer\">\n\t\t\t\t<h4 class=\"woodmart-title-container title wd-fontsize-l\">healthy production...<\/h4> \n\t\t\t\t\t\t\t<\/div>\n\n\t\t\t\t\t\t\t<div class=\"title-after_title reset-last-child wd-fontsize-xs\">\n\t\t\t\t\t<p>Barantat food industrial nuts, industrial and trading company, 2019 in pistachio production, trade and industrial center, which was established in Gaziantep.<\/p><p>The company's main activity is the production and sale of pistachios and other types of hard-shelled dried fruits, as well as products derived from them. \u00a0<\/p><p>Barantat food and nuts, especially antepofistig, including dessert, ice cream, chocolate, marshmallow, cake, candy and similar industries needs nuts, dry fruits, all sliced, chopped, milled, color and size differentiation made products together with cream and is engaged in the manufacture of pure.<\/p>\t\t\t\t<\/div>\n\t\t\t\t\t<\/div>\n\t\t\t\t\t\t<\/div>\n\t\t\t\t<\/div>\n\t\t\t\t<\/div>\n\t\t<div class=\"elementor-element elementor-element-442ba89 e-con-full e-flex e-con e-child\" data-id=\"442ba89\" data-element_type=\"container\">\n\t\t\t\t<div class=\"elementor-element elementor-element-b4e10cc elementor-widget elementor-widget-wd_image_or_svg\" data-id=\"b4e10cc\" data-element_type=\"widget\" data-widget_type=\"wd_image_or_svg.default\">\n\t\t\t\t<div class=\"elementor-widget-container\">\n\t\t\t\t\t\n\t\t<div class=\"wd-image text-left\">\n\t\t\t\t\t\t\t\t<img loading=\"lazy\" decoding=\"async\" width=\"1010\" height=\"283\" src=\"https:\/\/barantat.com.tr\/wp-content\/uploads\/2025\/11\/belge-logo.png\" class=\"attachment-full size-full\" alt=\"\" srcset=\"https:\/\/barantat.com.tr\/wp-content\/uploads\/2025\/11\/belge-logo.png 1010w, https:\/\/barantat.com.tr\/wp-content\/uploads\/2025\/11\/belge-logo-400x112.png 400w, https:\/\/barantat.com.tr\/wp-content\/uploads\/2025\/11\/belge-logo-768x215.png 768w\" sizes=\"auto, (max-width: 1010px) 100vw, 1010px\" \/>\t\t\t\t\t<\/div>\n\n\t\t\t\t\t\t<\/div>\n\t\t\t\t<\/div>\n\t\t\t\t<\/div>\n\t\t\t\t\t<\/div>\n\t\t\t\t<\/div>\n\t\t<div class=\"wd-negative-gap elementor-element elementor-element-0c78d14 e-flex e-con-boxed e-con e-parent\" data-id=\"0c78d14\" data-element_type=\"container\">\n\t\t\t\t\t<div class=\"e-con-inner\">\n\t\t\t\t<div class=\"elementor-element elementor-element-915d0cf elementor-widget elementor-widget-heading\" data-id=\"915d0cf\" data-element_type=\"widget\" data-widget_type=\"heading.default\">\n\t\t\t\t<div class=\"elementor-widget-container\">\n\t\t\t\t\t<h2 class=\"elementor-heading-title elementor-size-default\">Our certificates:<\/h2>\t\t\t\t<\/div>\n\t\t\t\t<\/div>\n\t\t\t\t<div class=\"elementor-element elementor-element-528126d gallery-spacing-custom elementor-widget elementor-widget-image-gallery\" data-id=\"528126d\" data-element_type=\"widget\" data-widget_type=\"image-gallery.default\">\n\t\t\t\t<div class=\"elementor-widget-container\">\n\t\t\t\t\t\t\t<div class=\"elementor-image-gallery\">\n\t\t\t\n\t\t<style type=\"text\/css\">\n\t\t\t#gallery-1 {\n\t\t\t\tmargin: auto;\n\t\t\t}\n\t\t\t#gallery-1 .gallery-item {\n\t\t\t\tfloat: right;\n\t\t\t\tmargin-top: 10px;\n\t\t\t\ttext-align: center;\n\t\t\t\twidth: 33%;\n\t\t\t}\n\t\t\t#gallery-1 img {\n\t\t\t\tborder: 2px solid #cfcfcf;\n\t\t\t}\n\t\t\t#gallery-1 .gallery-caption {\n\t\t\t\tmargin-left: 0;\n\t\t\t}\n\t\t\t\/* see gallery_shortcode() in wp-includes\/media.php *\/\n\t\t<\/style>\n\t\t<div id='gallery-1' class='gallery galleryid-33917 gallery-columns-3 gallery-size-medium_large'><dl class='gallery-item'>\n\t\t\t<dt class='gallery-icon portrait'>\n\t\t\t\t<a data-elementor-open-lightbox=\"no\" href='https:\/\/barantat.com.tr\/wp-content\/uploads\/2025\/11\/belgeCalisma-yuzeyi-1_1.jpg'><img loading=\"lazy\" decoding=\"async\" width=\"768\" height=\"1052\" src=\"https:\/\/barantat.com.tr\/wp-content\/uploads\/2025\/11\/belgeCalisma-yuzeyi-1_1-768x1052.jpg\" class=\"attachment-medium_large size-medium_large\" alt=\"\" srcset=\"https:\/\/barantat.com.tr\/wp-content\/uploads\/2025\/11\/belgeCalisma-yuzeyi-1_1-768x1052.jpg 768w, https:\/\/barantat.com.tr\/wp-content\/uploads\/2025\/11\/belgeCalisma-yuzeyi-1_1-219x300.jpg 219w, https:\/\/barantat.com.tr\/wp-content\/uploads\/2025\/11\/belgeCalisma-yuzeyi-1_1-584x800.jpg 584w, https:\/\/barantat.com.tr\/wp-content\/uploads\/2025\/11\/belgeCalisma-yuzeyi-1_1.jpg 892w\" sizes=\"auto, (max-width: 768px) 100vw, 768px\" \/><\/a>\n\t\t\t<\/dt><\/dl><dl class='gallery-item'>\n\t\t\t<dt class='gallery-icon portrait'>\n\t\t\t\t<a data-elementor-open-lightbox=\"no\" href='https:\/\/barantat.com.tr\/wp-content\/uploads\/2025\/11\/belgeCalisma-yuzeyi-1_2.jpg'><img loading=\"lazy\" decoding=\"async\" width=\"768\" height=\"1052\" src=\"https:\/\/barantat.com.tr\/wp-content\/uploads\/2025\/11\/belgeCalisma-yuzeyi-1_2-768x1052.jpg\" class=\"attachment-medium_large size-medium_large\" alt=\"\" srcset=\"https:\/\/barantat.com.tr\/wp-content\/uploads\/2025\/11\/belgeCalisma-yuzeyi-1_2-768x1052.jpg 768w, https:\/\/barantat.com.tr\/wp-content\/uploads\/2025\/11\/belgeCalisma-yuzeyi-1_2-219x300.jpg 219w, https:\/\/barantat.com.tr\/wp-content\/uploads\/2025\/11\/belgeCalisma-yuzeyi-1_2-584x800.jpg 584w, https:\/\/barantat.com.tr\/wp-content\/uploads\/2025\/11\/belgeCalisma-yuzeyi-1_2.jpg 892w\" sizes=\"auto, (max-width: 768px) 100vw, 768px\" \/><\/a>\n\t\t\t<\/dt><\/dl><dl class='gallery-item'>\n\t\t\t<dt class='gallery-icon portrait'>\n\t\t\t\t<a data-elementor-open-lightbox=\"no\" href='https:\/\/barantat.com.tr\/wp-content\/uploads\/2025\/11\/belgeCalisma-yuzeyi-1_3.jpg'><img loading=\"lazy\" decoding=\"async\" width=\"768\" height=\"1052\" src=\"https:\/\/barantat.com.tr\/wp-content\/uploads\/2025\/11\/belgeCalisma-yuzeyi-1_3-768x1052.jpg\" class=\"attachment-medium_large size-medium_large\" alt=\"\" srcset=\"https:\/\/barantat.com.tr\/wp-content\/uploads\/2025\/11\/belgeCalisma-yuzeyi-1_3-768x1052.jpg 768w, https:\/\/barantat.com.tr\/wp-content\/uploads\/2025\/11\/belgeCalisma-yuzeyi-1_3-219x300.jpg 219w, https:\/\/barantat.com.tr\/wp-content\/uploads\/2025\/11\/belgeCalisma-yuzeyi-1_3-584x800.jpg 584w, https:\/\/barantat.com.tr\/wp-content\/uploads\/2025\/11\/belgeCalisma-yuzeyi-1_3.jpg 892w\" sizes=\"auto, (max-width: 768px) 100vw, 768px\" \/><\/a>\n\t\t\t<\/dt><\/dl><br style=\"clear: both\" \/>\n\t\t<\/div>\n\t\t<\/div>\n\t\t\t\t\t\t<\/div>\n\t\t\t\t<\/div>\n\t\t\t\t\t<\/div>\n\t\t\t\t<\/div>\n\t\t\t\t<\/div>","protected":false},"excerpt":{"rendered":"<p>Kaliteden \u00f6d\u00fcn vermeden sa\u011fl\u0131kl\u0131 \u00fcretim&#8230; Barantat G\u0131da End\u00fcstriyel Kuruyemi\u015f Sanayi ve Ticaret Limited \u015eirketi, 2019 y\u0131l\u0131nda, Antep f\u0131st\u0131\u011f\u0131n\u0131n \u00fcretim, ticaret<\/p>","protected":false},"author":3,"featured_media":0,"parent":0,"menu_order":0,"comment_status":"closed","ping_status":"closed","template":"","meta":{"footnotes":""},"class_list":["post-33917","page","type-page","status-publish","hentry"],"_links":{"self":[{"href":"https:\/\/barantat.com.tr\/en\/wp-json\/wp\/v2\/pages\/33917","targetHints":{"allow":["GET"]}}],"collection":[{"href":"https:\/\/barantat.com.tr\/en\/wp-json\/wp\/v2\/pages"}],"about":[{"href":"https:\/\/barantat.com.tr\/en\/wp-json\/wp\/v2\/types\/page"}],"author":[{"embeddable":true,"href":"https:\/\/barantat.com.tr\/en\/wp-json\/wp\/v2\/users\/3"}],"replies":[{"embeddable":true,"href":"https:\/\/barantat.com.tr\/en\/wp-json\/wp\/v2\/comments?post=33917"}],"version-history":[{"count":11,"href":"https:\/\/barantat.com.tr\/en\/wp-json\/wp\/v2\/pages\/33917\/revisions"}],"predecessor-version":[{"id":34146,"href":"https:\/\/barantat.com.tr\/en\/wp-json\/wp\/v2\/pages\/33917\/revisions\/34146"}],"wp:attachment":[{"href":"https:\/\/barantat.com.tr\/en\/wp-json\/wp\/v2\/media?parent=33917"}],"curies":[{"name":"wp","href":"https:\/\/api.w.org\/{rel}","templated":true}]}}