{"id":4400,"date":"2021-10-12T15:51:09","date_gmt":"2021-10-12T15:51:09","guid":{"rendered":"http:\/\/dummy.xtemos.com\/woodmart2\/elementor\/?page_id=4400"},"modified":"2025-12-03T05:19:57","modified_gmt":"2025-12-03T02:19:57","slug":"kurumsal","status":"publish","type":"page","link":"https:\/\/barantat.com.tr\/en\/kurumsal\/","title":{"rendered":"Institutional"},"content":{"rendered":"<div data-elementor-type=\"wp-page\" data-elementor-id=\"4400\" class=\"elementor elementor-4400\">\n\t\t\t\t<div class=\"wd-negative-gap elementor-element elementor-element-cde90af e-flex e-con-boxed e-con e-parent\" data-id=\"cde90af\" data-element_type=\"container\">\n\t\t\t\t\t<div class=\"e-con-inner\">\n\t\t<div class=\"elementor-element elementor-element-5e13da5 e-con-full e-flex e-con e-child\" data-id=\"5e13da5\" data-element_type=\"container\" data-settings=\"{&quot;background_background&quot;:&quot;classic&quot;}\">\n\t\t\t\t<div class=\"elementor-element elementor-element-76b4c6a wd-width-100 elementor-widget elementor-widget-wd_title\" data-id=\"76b4c6a\" data-element_type=\"widget\" data-widget_type=\"wd_title.default\">\n\t\t\t\t<div class=\"elementor-widget-container\">\n\t\t\t\t\t\t\t<div class=\"title-wrapper wd-set-mb reset-last-child wd-title-color-default wd-title-style-default wd-title-size-default text-left\">\n\n\t\t\t\t\t\t\t\t\t\t\t<div class=\"title-subtitle subtitle-color-default subtitle-style-default wd-fontsize-xs\">\n\t\t\t\t\tWith years of experience\t\t\t\t<\/div>\n\t\t\t\n\t\t\t<div class=\"liner-continer\">\n\t\t\t\t<h4 class=\"woodmart-title-container title wd-fontsize-l\">your life <br> we are adding flavor...<\/h4> \n\t\t\t\t\t\t\t<\/div>\n\n\t\t\t\t\t\t\t<div class=\"title-after_title reset-last-child wd-fontsize-xs\">\n\t\t\t\t\t<p>Barantat food industrial nuts, industrial and trading company, 2019 in pistachio production, trade and industrial center, which was established in Gaziantep.<\/p><p>The company's main activity is the production and sale of pistachios and other types of hard-shelled dried fruits, as well as products derived from them. \u00a0<\/p><p>Barantat food and nuts, especially pistachios, including dessert, ice cream, chocolate, marshmallow, cake, candy and similar industries needs nuts, dry fruits, all sliced, chopped, milled, color and size differentiation made products together with cream and is engaged in the manufacture of pure.<\/p>\t\t\t\t<\/div>\n\t\t\t\t\t<\/div>\n\t\t\t\t\t\t<\/div>\n\t\t\t\t<\/div>\n\t\t\t\t<div class=\"elementor-element elementor-element-b54038e elementor-widget elementor-widget-wd_image_or_svg\" data-id=\"b54038e\" data-element_type=\"widget\" data-widget_type=\"wd_image_or_svg.default\">\n\t\t\t\t<div class=\"elementor-widget-container\">\n\t\t\t\t\t\n\t\t<div class=\"wd-image text-left\">\n\t\t\t\t\t\t\t\t<img loading=\"lazy\" decoding=\"async\" width=\"600\" height=\"141\" src=\"https:\/\/barantat.com.tr\/wp-content\/uploads\/2025\/11\/logolar.png\" class=\"attachment-full size-full\" alt=\"\" srcset=\"https:\/\/barantat.com.tr\/wp-content\/uploads\/2025\/11\/logolar.png 600w, https:\/\/barantat.com.tr\/wp-content\/uploads\/2025\/11\/logolar-400x94.png 400w\" sizes=\"auto, (max-width: 600px) 100vw, 600px\" \/>\t\t\t\t\t<\/div>\n\n\t\t\t\t\t\t<\/div>\n\t\t\t\t<\/div>\n\t\t\t\t<\/div>\n\t\t<div class=\"elementor-element elementor-element-0c953e0 e-con-full e-flex e-con e-child\" data-id=\"0c953e0\" data-element_type=\"container\">\n\t\t\t\t<div class=\"elementor-element elementor-element-7eafe57 elementor-widget elementor-widget-wd_image_or_svg\" data-id=\"7eafe57\" data-element_type=\"widget\" data-widget_type=\"wd_image_or_svg.default\">\n\t\t\t\t<div class=\"elementor-widget-container\">\n\t\t\t\t\t\n\t\t<div class=\"wd-image text-left\">\n\t\t\t\t\t\t\t\t<img loading=\"lazy\" decoding=\"async\" width=\"1391\" height=\"1315\" src=\"https:\/\/barantat.com.tr\/wp-content\/uploads\/2025\/11\/hak.png\" class=\"attachment-full size-full\" alt=\"\" srcset=\"https:\/\/barantat.com.tr\/wp-content\/uploads\/2025\/11\/hak.png 1391w, https:\/\/barantat.com.tr\/wp-content\/uploads\/2025\/11\/hak-317x300.png 317w, https:\/\/barantat.com.tr\/wp-content\/uploads\/2025\/11\/hak-846x800.png 846w, https:\/\/barantat.com.tr\/wp-content\/uploads\/2025\/11\/hak-768x726.png 768w\" sizes=\"auto, (max-width: 1391px) 100vw, 1391px\" \/>\t\t\t\t\t<\/div>\n\n\t\t\t\t\t\t<\/div>\n\t\t\t\t<\/div>\n\t\t\t\t<\/div>\n\t\t\t\t\t<\/div>\n\t\t\t\t<\/div>\n\t\t\t\t<\/div>","protected":false},"excerpt":{"rendered":"<p>Y\u0131llar\u0131n deneyimi ile hayat\u0131n\u0131za lezzet kat\u0131yoruz&#8230; Barantat G\u0131da End\u00fcstriyel Kuruyemi\u015f Sanayi ve Ticaret Limited \u015eirketi, 2019 y\u0131l\u0131nda, Antep f\u0131st\u0131\u011f\u0131n\u0131n \u00fcretim,<\/p>","protected":false},"author":2,"featured_media":0,"parent":0,"menu_order":0,"comment_status":"closed","ping_status":"closed","template":"","meta":{"footnotes":""},"class_list":["post-4400","page","type-page","status-publish","hentry"],"_links":{"self":[{"href":"https:\/\/barantat.com.tr\/en\/wp-json\/wp\/v2\/pages\/4400","targetHints":{"allow":["GET"]}}],"collection":[{"href":"https:\/\/barantat.com.tr\/en\/wp-json\/wp\/v2\/pages"}],"about":[{"href":"https:\/\/barantat.com.tr\/en\/wp-json\/wp\/v2\/types\/page"}],"author":[{"embeddable":true,"href":"https:\/\/barantat.com.tr\/en\/wp-json\/wp\/v2\/users\/2"}],"replies":[{"embeddable":true,"href":"https:\/\/barantat.com.tr\/en\/wp-json\/wp\/v2\/comments?post=4400"}],"version-history":[{"count":96,"href":"https:\/\/barantat.com.tr\/en\/wp-json\/wp\/v2\/pages\/4400\/revisions"}],"predecessor-version":[{"id":34181,"href":"https:\/\/barantat.com.tr\/en\/wp-json\/wp\/v2\/pages\/4400\/revisions\/34181"}],"wp:attachment":[{"href":"https:\/\/barantat.com.tr\/en\/wp-json\/wp\/v2\/media?parent=4400"}],"curies":[{"name":"wp","href":"https:\/\/api.w.org\/{rel}","templated":true}]}}