{"id":7033,"date":"2021-10-24T08:05:39","date_gmt":"2021-10-24T08:05:39","guid":{"rendered":"http:\/\/dummy.xtemos.com\/woodmart2\/elementor\/?page_id=7033"},"modified":"2025-12-03T16:44:41","modified_gmt":"2025-12-03T13:44:41","slug":"anasayfa","status":"publish","type":"page","link":"https:\/\/barantat.com.tr\/en\/","title":{"rendered":"Anasayfa"},"content":{"rendered":"<div data-elementor-type=\"wp-page\" data-elementor-id=\"7033\" class=\"elementor elementor-7033\">\n\t\t\t\t<div class=\"elementor-element elementor-element-df35a70 e-con-full wd-section-stretch e-flex e-con e-parent\" data-id=\"df35a70\" data-element_type=\"container\">\n\t\t\t\t<div class=\"elementor-element elementor-element-d5855ec elementor-pagination-position-inside elementor-arrows-position-inside elementor-widget elementor-widget-image-carousel\" data-id=\"d5855ec\" data-element_type=\"widget\" data-settings=\"{&quot;slides_to_show&quot;:&quot;1&quot;,&quot;effect&quot;:&quot;fade&quot;,&quot;navigation&quot;:&quot;both&quot;,&quot;autoplay&quot;:&quot;yes&quot;,&quot;pause_on_hover&quot;:&quot;yes&quot;,&quot;pause_on_interaction&quot;:&quot;yes&quot;,&quot;autoplay_speed&quot;:5000,&quot;infinite&quot;:&quot;yes&quot;,&quot;speed&quot;:500}\" data-widget_type=\"image-carousel.default\">\n\t\t\t\t<div class=\"elementor-widget-container\">\n\t\t\t\t\t\t\t<div class=\"elementor-image-carousel-wrapper swiper\" role=\"region\" aria-roledescription=\"carousel\" aria-label=\"Cycle Image\" dir=\"ltr\">\n\t\t\t<div class=\"elementor-image-carousel swiper-wrapper swiper-image-stretch\" aria-live=\"off\">\n\t\t\t\t\t\t\t\t<div class=\"swiper-slide\" role=\"group\" aria-roledescription=\"slide\" aria-label=\"1 of 3\"><figure class=\"swiper-slide-inner\"><img decoding=\"async\" class=\"swiper-slide-image\" src=\"https:\/\/barantat.com.tr\/wp-content\/uploads\/2025\/11\/slider.png\" alt=\"slider\" \/><\/figure><\/div><div class=\"swiper-slide\" role=\"group\" aria-roledescription=\"slide\" aria-label=\"2 of 3\"><figure class=\"swiper-slide-inner\"><img decoding=\"async\" class=\"swiper-slide-image\" src=\"https:\/\/barantat.com.tr\/wp-content\/uploads\/2025\/11\/banner2.png\" alt=\"banner2\" \/><\/figure><\/div><div class=\"swiper-slide\" role=\"group\" aria-roledescription=\"slide\" aria-label=\"3 of 3\"><figure class=\"swiper-slide-inner\"><img decoding=\"async\" class=\"swiper-slide-image\" src=\"https:\/\/barantat.com.tr\/wp-content\/uploads\/2025\/11\/banner3.png\" alt=\"banner3\" \/><\/figure><\/div>\t\t\t<\/div>\n\t\t\t\t\t\t\t\t\t\t\t\t<div class=\"elementor-swiper-button elementor-swiper-button-prev\" role=\"button\" tabindex=\"0\">\n\t\t\t\t\t\t<svg aria-hidden=\"true\" class=\"e-font-icon-svg e-eicon-chevron-left\" viewbox=\"0 0 1000 1000\" xmlns=\"http:\/\/www.w3.org\/2000\/svg\"><path d=\"M646 125C629 125 613 133 604 142L308 442C296 454 292 471 292 487 292 504 296 521 308 533L604 854C617 867 629 875 646 875 663 875 679 871 692 858 704 846 713 829 713 812 713 796 708 779 692 767L438 487 692 225C700 217 708 204 708 187 708 171 704 154 692 142 675 129 663 125 646 125Z\"><\/path><\/svg>\t\t\t\t\t<\/div>\n\t\t\t\t\t<div class=\"elementor-swiper-button elementor-swiper-button-next\" role=\"button\" tabindex=\"0\">\n\t\t\t\t\t\t<svg aria-hidden=\"true\" class=\"e-font-icon-svg e-eicon-chevron-right\" viewbox=\"0 0 1000 1000\" xmlns=\"http:\/\/www.w3.org\/2000\/svg\"><path d=\"M696 533C708 521 713 504 713 487 713 471 708 454 696 446L400 146C388 133 375 125 354 125 338 125 325 129 313 142 300 154 292 171 292 187 292 204 296 221 308 233L563 492 304 771C292 783 288 800 288 817 288 833 296 850 308 863 321 871 338 875 354 875 371 875 388 867 400 854L696 533Z\"><\/path><\/svg>\t\t\t\t\t<\/div>\n\t\t\t\t\n\t\t\t\t\t\t\t\t\t<div class=\"swiper-pagination\"><\/div>\n\t\t\t\t\t\t\t\t\t<\/div>\n\t\t\t\t\t\t<\/div>\n\t\t\t\t<\/div>\n\t\t\t\t<\/div>\n\t\t<div class=\"wd-negative-gap elementor-element elementor-element-202b523 e-flex e-con-boxed e-con e-parent\" data-id=\"202b523\" data-element_type=\"container\">\n\t\t\t\t\t<div class=\"e-con-inner\">\n\t\t<div class=\"elementor-element elementor-element-0ea4af6 e-con-full e-flex e-con e-child\" data-id=\"0ea4af6\" data-element_type=\"container\">\n\t\t\t\t<div class=\"elementor-element elementor-element-25be3a5 elementor-widget elementor-widget-wd_image_or_svg\" data-id=\"25be3a5\" data-element_type=\"widget\" data-widget_type=\"wd_image_or_svg.default\">\n\t\t\t\t<div class=\"elementor-widget-container\">\n\t\t\t\t\t\n\t\t<div class=\"wd-image text-left\">\n\t\t\t\t\t\t\t\t<img loading=\"lazy\" decoding=\"async\" width=\"1277\" height=\"850\" src=\"https:\/\/barantat.com.tr\/wp-content\/uploads\/2025\/11\/banner1.png\" class=\"attachment-full size-full\" alt=\"\" srcset=\"https:\/\/barantat.com.tr\/wp-content\/uploads\/2025\/11\/banner1.png 1277w, https:\/\/barantat.com.tr\/wp-content\/uploads\/2025\/11\/banner1-400x266.png 400w, https:\/\/barantat.com.tr\/wp-content\/uploads\/2025\/11\/banner1-1202x800.png 1202w, https:\/\/barantat.com.tr\/wp-content\/uploads\/2025\/11\/banner1-768x511.png 768w, https:\/\/barantat.com.tr\/wp-content\/uploads\/2025\/11\/banner1-430x286.png 430w, https:\/\/barantat.com.tr\/wp-content\/uploads\/2025\/11\/banner1-700x466.png 700w, https:\/\/barantat.com.tr\/wp-content\/uploads\/2025\/11\/banner1-150x100.png 150w\" sizes=\"auto, (max-width: 1277px) 100vw, 1277px\" \/>\t\t\t\t\t<\/div>\n\n\t\t\t\t\t\t<\/div>\n\t\t\t\t<\/div>\n\t\t\t\t<\/div>\n\t\t<div class=\"elementor-element elementor-element-dd6959e e-con-full e-flex e-con e-child\" data-id=\"dd6959e\" data-element_type=\"container\" data-settings=\"{&quot;background_background&quot;:&quot;classic&quot;}\">\n\t\t\t\t<div class=\"elementor-element elementor-element-02b45b7 wd-width-100 elementor-widget elementor-widget-wd_title\" data-id=\"02b45b7\" data-element_type=\"widget\" data-widget_type=\"wd_title.default\">\n\t\t\t\t<div class=\"elementor-widget-container\">\n\t\t\t\t\t\t\t<div class=\"title-wrapper wd-set-mb reset-last-child wd-title-color-default wd-title-style-default wd-title-size-default text-left\">\n\n\t\t\t\t\t\t\t\t\t\t\t<div class=\"title-subtitle subtitle-color-default subtitle-style-default wd-fontsize-xs\">\n\t\t\t\t\tNature's Flavors\t\t\t\t<\/div>\n\t\t\t\n\t\t\t<div class=\"liner-continer\">\n\t\t\t\t<h4 class=\"woodmart-title-container title wd-fontsize-l\">you<br \/>\nwe offer...<br \/>\n<\/h4> \n\t\t\t\t\t\t\t<\/div>\n\n\t\t\t\t\t\t\t<div class=\"title-after_title reset-last-child wd-fontsize-xs\">\n\t\t\t\t\t<p>We carefully harvest obtained from the fertile soil of our nature with respect to the beauties of Nature Collection and we can offer to you..<\/p>\t\t\t\t<\/div>\n\t\t\t\t\t<\/div>\n\t\t\t\t\t\t<\/div>\n\t\t\t\t<\/div>\n\t\t\t\t<\/div>\n\t\t\t\t\t<\/div>\n\t\t\t\t<\/div>\n\t\t<div class=\"wd-negative-gap elementor-element elementor-element-6dbdd86 wd-section-stretch e-flex e-con-boxed e-con e-parent\" data-id=\"6dbdd86\" data-element_type=\"container\" data-settings=\"{&quot;background_background&quot;:&quot;classic&quot;}\">\n\t\t\t\t\t<div class=\"e-con-inner\">\n\t\t\t\t<div class=\"elementor-element elementor-element-130d519 elementor-widget elementor-widget-heading\" data-id=\"130d519\" data-element_type=\"widget\" data-widget_type=\"heading.default\">\n\t\t\t\t<div class=\"elementor-widget-container\">\n\t\t\t\t\t<h2 class=\"elementor-heading-title elementor-size-default\">Our products<\/h2>\t\t\t\t<\/div>\n\t\t\t\t<\/div>\n\t\t\t\t<div class=\"elementor-element elementor-element-70d3c74 elementor-arrows-position-outside elementor-pagination-position-outside elementor-widget elementor-widget-image-carousel\" data-id=\"70d3c74\" data-element_type=\"widget\" data-settings=\"{&quot;slides_to_show&quot;:&quot;4&quot;,&quot;slides_to_scroll&quot;:&quot;4&quot;,&quot;image_spacing_custom&quot;:{&quot;unit&quot;:&quot;px&quot;,&quot;size&quot;:33,&quot;sizes&quot;:[]},&quot;navigation&quot;:&quot;both&quot;,&quot;autoplay&quot;:&quot;yes&quot;,&quot;pause_on_hover&quot;:&quot;yes&quot;,&quot;pause_on_interaction&quot;:&quot;yes&quot;,&quot;autoplay_speed&quot;:5000,&quot;infinite&quot;:&quot;yes&quot;,&quot;speed&quot;:500,&quot;image_spacing_custom_tablet&quot;:{&quot;unit&quot;:&quot;px&quot;,&quot;size&quot;:&quot;&quot;,&quot;sizes&quot;:[]},&quot;image_spacing_custom_mobile&quot;:{&quot;unit&quot;:&quot;px&quot;,&quot;size&quot;:&quot;&quot;,&quot;sizes&quot;:[]}}\" data-widget_type=\"image-carousel.default\">\n\t\t\t\t<div class=\"elementor-widget-container\">\n\t\t\t\t\t\t\t<div class=\"elementor-image-carousel-wrapper swiper\" role=\"region\" aria-roledescription=\"carousel\" aria-label=\"Cycle Image\" dir=\"ltr\">\n\t\t\t<div class=\"elementor-image-carousel swiper-wrapper\" aria-live=\"off\">\n\t\t\t\t\t\t\t\t<div class=\"swiper-slide\" role=\"group\" aria-roledescription=\"slide\" aria-label=\"1 of 13\"><a data-elementor-open-lightbox=\"yes\" data-elementor-lightbox-slideshow=\"70d3c74\" data-elementor-lightbox-title=\"02 (1)\" data-e-action-hash=\"#elementor-action%3Aaction%3Dlightbox%26settings%3DeyJpZCI6MzQyMDEsInVybCI6Imh0dHBzOlwvXC9iYXJhbnRhdC5jb20udHJcL3dwLWNvbnRlbnRcL3VwbG9hZHNcLzIwMjVcLzEyXC8wMi0xLnBuZyIsInNsaWRlc2hvdyI6IjcwZDNjNzQifQ%3D%3D\" href=\"https:\/\/barantat.com.tr\/wp-content\/uploads\/2025\/12\/02-1.png\"><figure class=\"swiper-slide-inner\"><img decoding=\"async\" class=\"swiper-slide-image\" src=\"https:\/\/barantat.com.tr\/wp-content\/uploads\/elementor\/thumbs\/02-1-rfm5in7fshgtwvz4sojixbxittexoqa2o9l2rz6vfk.png\" alt=\"Meverdi Antep F\u0131st\u0131\u011f\u0131 \u0130\u00e7i\" \/><figcaption class=\"elementor-image-carousel-caption\">Pistachio Was Mever<\/figcaption><\/figure><\/a><\/div><div class=\"swiper-slide\" role=\"group\" aria-roledescription=\"slide\" aria-label=\"2 of 13\"><a data-elementor-open-lightbox=\"yes\" data-elementor-lightbox-slideshow=\"70d3c74\" data-elementor-lightbox-title=\"03 (1)\" data-e-action-hash=\"#elementor-action%3Aaction%3Dlightbox%26settings%3DeyJpZCI6MzQyMDAsInVybCI6Imh0dHBzOlwvXC9iYXJhbnRhdC5jb20udHJcL3dwLWNvbnRlbnRcL3VwbG9hZHNcLzIwMjVcLzEyXC8wMy0xLnBuZyIsInNsaWRlc2hvdyI6IjcwZDNjNzQifQ%3D%3D\" href=\"https:\/\/barantat.com.tr\/wp-content\/uploads\/2025\/12\/03-1.png\"><figure class=\"swiper-slide-inner\"><img decoding=\"async\" class=\"swiper-slide-image\" src=\"https:\/\/barantat.com.tr\/wp-content\/uploads\/elementor\/thumbs\/03-1-rfm5ihkenh93z87bpm3ridcr9i6qejnonho5wbf8gw.png\" alt=\"K\u0131rm\u0131z\u0131 Antep F\u0131st\u0131\u011f\u0131 \u0130\u00e7i\" \/><figcaption class=\"elementor-image-carousel-caption\">Red Pistachios For<\/figcaption><\/figure><\/a><\/div><div class=\"swiper-slide\" role=\"group\" aria-roledescription=\"slide\" aria-label=\"3 of 13\"><a data-elementor-open-lightbox=\"yes\" data-elementor-lightbox-slideshow=\"70d3c74\" data-elementor-lightbox-title=\"04 (1)\" data-e-action-hash=\"#elementor-action%3Aaction%3Dlightbox%26settings%3DeyJpZCI6MzQxOTQsInVybCI6Imh0dHBzOlwvXC9iYXJhbnRhdC5jb20udHJcL3dwLWNvbnRlbnRcL3VwbG9hZHNcLzIwMjVcLzEyXC8wNC0xLnBuZyIsInNsaWRlc2hvdyI6IjcwZDNjNzQifQ%3D%3D\" href=\"https:\/\/barantat.com.tr\/wp-content\/uploads\/2025\/12\/04-1.png\"><figure class=\"swiper-slide-inner\"><img decoding=\"async\" class=\"swiper-slide-image\" src=\"https:\/\/barantat.com.tr\/wp-content\/uploads\/elementor\/thumbs\/04-1-rfm5habtx3lx55y4q3exbo9jxs3ukgw15jnttl7cf4.png\" alt=\"Ye\u015fil Antep F\u0131st\u0131\u011f\u0131 \u0130\u00e7i\" \/><figcaption class=\"elementor-image-carousel-caption\">Yesil For Pistachios<\/figcaption><\/figure><\/a><\/div><div class=\"swiper-slide\" role=\"group\" aria-roledescription=\"slide\" aria-label=\"4 of 13\"><a data-elementor-open-lightbox=\"yes\" data-elementor-lightbox-slideshow=\"70d3c74\" data-elementor-lightbox-title=\"01 (1)\" data-e-action-hash=\"#elementor-action%3Aaction%3Dlightbox%26settings%3DeyJpZCI6MzQxOTIsInVybCI6Imh0dHBzOlwvXC9iYXJhbnRhdC5jb20udHJcL3dwLWNvbnRlbnRcL3VwbG9hZHNcLzIwMjVcLzEyXC8wMS0xLnBuZyIsInNsaWRlc2hvdyI6IjcwZDNjNzQifQ%3D%3D\" href=\"https:\/\/barantat.com.tr\/wp-content\/uploads\/2025\/12\/01-1.png\"><figure class=\"swiper-slide-inner\"><img decoding=\"async\" class=\"swiper-slide-image\" src=\"https:\/\/barantat.com.tr\/wp-content\/uploads\/elementor\/thumbs\/01-1-rfm5gx639f3wmmh8uxq5crl3mdwpkpfsfqj13pquu8.png\" alt=\"Kabuklu Antep F\u0131st\u0131\u011f\u0131\" \/><figcaption class=\"elementor-image-carousel-caption\">Shelled Pistachios<\/figcaption><\/figure><\/a><\/div><div class=\"swiper-slide\" role=\"group\" aria-roledescription=\"slide\" aria-label=\"5 of 13\"><a data-elementor-open-lightbox=\"yes\" data-elementor-lightbox-slideshow=\"70d3c74\" data-elementor-lightbox-title=\"06\" data-e-action-hash=\"#elementor-action%3Aaction%3Dlightbox%26settings%3DeyJpZCI6MzQyMDQsInVybCI6Imh0dHBzOlwvXC9iYXJhbnRhdC5jb20udHJcL3dwLWNvbnRlbnRcL3VwbG9hZHNcLzIwMjVcLzEyXC8wNi5wbmciLCJzbGlkZXNob3ciOiI3MGQzYzc0In0%3D\" href=\"https:\/\/barantat.com.tr\/wp-content\/uploads\/2025\/12\/06.png\"><figure class=\"swiper-slide-inner\"><img decoding=\"async\" class=\"swiper-slide-image\" src=\"https:\/\/barantat.com.tr\/wp-content\/uploads\/elementor\/thumbs\/06-rfm5nv75rcm6ewe2axsws0hpmvocg70e2426rbg4v4.png\" alt=\"Soyulmu\u015f Antep F\u0131st\u0131\u011f\u0131 \u0130\u00e7i\" \/><figcaption class=\"elementor-image-carousel-caption\">Pistachios Peeled For<\/figcaption><\/figure><\/a><\/div><div class=\"swiper-slide\" role=\"group\" aria-roledescription=\"slide\" aria-label=\"6 of 13\"><a data-elementor-open-lightbox=\"yes\" data-elementor-lightbox-slideshow=\"70d3c74\" data-elementor-lightbox-title=\"07 (1)\" data-e-action-hash=\"#elementor-action%3Aaction%3Dlightbox%26settings%3DeyJpZCI6MzQxOTMsInVybCI6Imh0dHBzOlwvXC9iYXJhbnRhdC5jb20udHJcL3dwLWNvbnRlbnRcL3VwbG9hZHNcLzIwMjVcLzEyXC8wNy0xLnBuZyIsInNsaWRlc2hvdyI6IjcwZDNjNzQifQ%3D%3D\" href=\"https:\/\/barantat.com.tr\/wp-content\/uploads\/2025\/12\/07-1.png\"><figure class=\"swiper-slide-inner\"><img decoding=\"async\" class=\"swiper-slide-image\" src=\"https:\/\/barantat.com.tr\/wp-content\/uploads\/elementor\/thumbs\/07-1-rfm5h3qyl9cwvw7osikjc7xbs30a2l5wsn3fgnh3mo.png\" alt=\"Dilimlenmi\u015f Antep F\u0131st\u0131\u011f\u0131 \u0130\u00e7i\" \/><figcaption class=\"elementor-image-carousel-caption\">Sliced Pistachios For<\/figcaption><\/figure><\/a><\/div><div class=\"swiper-slide\" role=\"group\" aria-roledescription=\"slide\" aria-label=\"7 of 13\"><a data-elementor-open-lightbox=\"yes\" data-elementor-lightbox-slideshow=\"70d3c74\" data-elementor-lightbox-title=\"09 (1)\" data-e-action-hash=\"#elementor-action%3Aaction%3Dlightbox%26settings%3DeyJpZCI6MzQyMDMsInVybCI6Imh0dHBzOlwvXC9iYXJhbnRhdC5jb20udHJcL3dwLWNvbnRlbnRcL3VwbG9hZHNcLzIwMjVcLzEyXC8wOS0xLTEucG5nIiwic2xpZGVzaG93IjoiNzBkM2M3NCJ9\" href=\"https:\/\/barantat.com.tr\/wp-content\/uploads\/2025\/12\/09-1-1.png\"><figure class=\"swiper-slide-inner\"><img decoding=\"async\" class=\"swiper-slide-image\" src=\"https:\/\/barantat.com.tr\/wp-content\/uploads\/elementor\/thumbs\/09-1-1-rfm5mcoiqyjjpil95a8jre8z6j521qzyim80x9oyw0.png\" alt=\"09 (1)\" \/><\/figure><\/a><\/div><div class=\"swiper-slide\" role=\"group\" aria-roledescription=\"slide\" aria-label=\"8 of 13\"><a data-elementor-open-lightbox=\"yes\" data-elementor-lightbox-slideshow=\"70d3c74\" data-elementor-lightbox-title=\"11 (1)\" data-e-action-hash=\"#elementor-action%3Aaction%3Dlightbox%26settings%3DeyJpZCI6MzQyMDIsInVybCI6Imh0dHBzOlwvXC9iYXJhbnRhdC5jb20udHJcL3dwLWNvbnRlbnRcL3VwbG9hZHNcLzIwMjVcLzEyXC8xMS0xLnBuZyIsInNsaWRlc2hvdyI6IjcwZDNjNzQifQ%3D%3D\" href=\"https:\/\/barantat.com.tr\/wp-content\/uploads\/2025\/12\/11-1.png\"><figure class=\"swiper-slide-inner\"><img decoding=\"async\" class=\"swiper-slide-image\" src=\"https:\/\/barantat.com.tr\/wp-content\/uploads\/elementor\/thumbs\/11-1-rfm5itsb4bpu65pkq9dwws9qziii6m07165h4wx480.png\" alt=\"Antep F\u0131st\u0131\u011f\u0131 P\u00fcresi\" \/><figcaption class=\"elementor-image-carousel-caption\">Pistachio Puree<\/figcaption><\/figure><\/a><\/div><div class=\"swiper-slide\" role=\"group\" aria-roledescription=\"slide\" aria-label=\"9 of 13\"><a data-elementor-open-lightbox=\"yes\" data-elementor-lightbox-slideshow=\"70d3c74\" data-elementor-lightbox-title=\"09 (1)\" data-e-action-hash=\"#elementor-action%3Aaction%3Dlightbox%26settings%3DeyJpZCI6MzQxOTksInVybCI6Imh0dHBzOlwvXC9iYXJhbnRhdC5jb20udHJcL3dwLWNvbnRlbnRcL3VwbG9hZHNcLzIwMjVcLzEyXC8wOS0xLnBuZyIsInNsaWRlc2hvdyI6IjcwZDNjNzQifQ%3D%3D\" href=\"https:\/\/barantat.com.tr\/wp-content\/uploads\/2025\/12\/09-1.png\"><figure class=\"swiper-slide-inner\"><img decoding=\"async\" class=\"swiper-slide-image\" src=\"https:\/\/barantat.com.tr\/wp-content\/uploads\/elementor\/thumbs\/09-1-rfm5iazjbn03pygvs19dix0j3t35wnxkal3rjdozog.png\" alt=\"Antep F\u0131st\u0131\u011f\u0131 Ezmesi\" \/><figcaption class=\"elementor-image-carousel-caption\">Pistachio Butter<\/figcaption><\/figure><\/a><\/div><div class=\"swiper-slide\" role=\"group\" aria-roledescription=\"slide\" aria-label=\"10 of 13\"><a data-elementor-open-lightbox=\"yes\" data-elementor-lightbox-slideshow=\"70d3c74\" data-elementor-lightbox-title=\"05 (1)\" data-e-action-hash=\"#elementor-action%3Aaction%3Dlightbox%26settings%3DeyJpZCI6MzQxOTgsInVybCI6Imh0dHBzOlwvXC9iYXJhbnRhdC5jb20udHJcL3dwLWNvbnRlbnRcL3VwbG9hZHNcLzIwMjVcLzEyXC8wNS0xLnBuZyIsInNsaWRlc2hvdyI6IjcwZDNjNzQifQ%3D%3D\" href=\"https:\/\/barantat.com.tr\/wp-content\/uploads\/2025\/12\/05-1.png\"><figure class=\"swiper-slide-inner\"><img decoding=\"async\" class=\"swiper-slide-image\" src=\"https:\/\/barantat.com.tr\/wp-content\/uploads\/elementor\/thumbs\/05-1-rfm5i5ci6msdsap2oytm3yfrjhuymhb69t6unpxcps.png\" alt=\"Toz Antep F\u0131st\u0131\u011f\u0131\" \/><figcaption class=\"elementor-image-carousel-caption\">Pistachio Powder<\/figcaption><\/figure><\/a><\/div><div class=\"swiper-slide\" role=\"group\" aria-roledescription=\"slide\" aria-label=\"11 of 13\"><a data-elementor-open-lightbox=\"yes\" data-elementor-lightbox-slideshow=\"70d3c74\" data-elementor-lightbox-title=\"10 (1)\" data-e-action-hash=\"#elementor-action%3Aaction%3Dlightbox%26settings%3DeyJpZCI6MzQxOTcsInVybCI6Imh0dHBzOlwvXC9iYXJhbnRhdC5jb20udHJcL3dwLWNvbnRlbnRcL3VwbG9hZHNcLzIwMjVcLzEyXC8xMC0xLnBuZyIsInNsaWRlc2hvdyI6IjcwZDNjNzQifQ%3D%3D\" href=\"https:\/\/barantat.com.tr\/wp-content\/uploads\/2025\/12\/10-1.png\"><figure class=\"swiper-slide-inner\"><img decoding=\"async\" class=\"swiper-slide-image\" src=\"https:\/\/barantat.com.tr\/wp-content\/uploads\/elementor\/thumbs\/10-1-rfm5hvy4aafik72q7urcf0t5ln5ahi9uwinzuybag0.png\" alt=\"Antep F\u0131st\u0131\u011f\u0131 Kremas\u0131\" \/><figcaption class=\"elementor-image-carousel-caption\">Pistachio Cream<\/figcaption><\/figure><\/a><\/div><div class=\"swiper-slide\" role=\"group\" aria-roledescription=\"slide\" aria-label=\"12 of 13\"><a data-elementor-open-lightbox=\"yes\" data-elementor-lightbox-slideshow=\"70d3c74\" data-elementor-lightbox-title=\"08 (1)\" data-e-action-hash=\"#elementor-action%3Aaction%3Dlightbox%26settings%3DeyJpZCI6MzQxOTYsInVybCI6Imh0dHBzOlwvXC9iYXJhbnRhdC5jb20udHJcL3dwLWNvbnRlbnRcL3VwbG9hZHNcLzIwMjVcLzEyXC8wOC0xLnBuZyIsInNsaWRlc2hvdyI6IjcwZDNjNzQifQ%3D%3D\" href=\"https:\/\/barantat.com.tr\/wp-content\/uploads\/2025\/12\/08-1.png\"><figure class=\"swiper-slide-inner\"><img decoding=\"async\" class=\"swiper-slide-image\" src=\"https:\/\/barantat.com.tr\/wp-content\/uploads\/elementor\/thumbs\/08-1-rfm5hpd8yg6iaxcaa9wyfkgxfy1pzmjqjm3li0l1nk.png\" alt=\"K\u00fcp do\u011franm\u0131\u015f Antep F\u0131st\u0131\u011f\u0131 \u0130\u00e7i\" \/><figcaption class=\"elementor-image-carousel-caption\">Chopped pistachios For<\/figcaption><\/figure><\/a><\/div><div class=\"swiper-slide\" role=\"group\" aria-roledescription=\"slide\" aria-label=\"13 of 13\"><a data-elementor-open-lightbox=\"yes\" data-elementor-lightbox-slideshow=\"70d3c74\" data-elementor-lightbox-title=\"12 (1)\" data-e-action-hash=\"#elementor-action%3Aaction%3Dlightbox%26settings%3DeyJpZCI6MzQxOTUsInVybCI6Imh0dHBzOlwvXC9iYXJhbnRhdC5jb20udHJcL3dwLWNvbnRlbnRcL3VwbG9hZHNcLzIwMjVcLzEyXC8xMi0xLnBuZyIsInNsaWRlc2hvdyI6IjcwZDNjNzQifQ%3D%3D\" href=\"https:\/\/barantat.com.tr\/wp-content\/uploads\/2025\/12\/12-1.png\"><figure class=\"swiper-slide-inner\"><img decoding=\"async\" class=\"swiper-slide-image\" src=\"https:\/\/barantat.com.tr\/wp-content\/uploads\/elementor\/thumbs\/12-1-rfm5hgwp8xuxefokno9bb4ls3h7f2cm5ig886ixl7k.png\" alt=\"Antep F\u0131st\u0131kl\u0131 S\u00fcr\u00fclebilir \u00c7ikolata\" \/><figcaption class=\"elementor-image-carousel-caption\">Spreadable Chocolate Antep Pistachio<\/figcaption><\/figure><\/a><\/div>\t\t\t<\/div>\n\t\t\t\t\t\t\t\t\t\t\t\t<div class=\"elementor-swiper-button elementor-swiper-button-prev\" role=\"button\" tabindex=\"0\">\n\t\t\t\t\t\t<svg aria-hidden=\"true\" class=\"e-font-icon-svg e-eicon-chevron-left\" viewbox=\"0 0 1000 1000\" xmlns=\"http:\/\/www.w3.org\/2000\/svg\"><path d=\"M646 125C629 125 613 133 604 142L308 442C296 454 292 471 292 487 292 504 296 521 308 533L604 854C617 867 629 875 646 875 663 875 679 871 692 858 704 846 713 829 713 812 713 796 708 779 692 767L438 487 692 225C700 217 708 204 708 187 708 171 704 154 692 142 675 129 663 125 646 125Z\"><\/path><\/svg>\t\t\t\t\t<\/div>\n\t\t\t\t\t<div class=\"elementor-swiper-button elementor-swiper-button-next\" role=\"button\" tabindex=\"0\">\n\t\t\t\t\t\t<svg aria-hidden=\"true\" class=\"e-font-icon-svg e-eicon-chevron-right\" viewbox=\"0 0 1000 1000\" xmlns=\"http:\/\/www.w3.org\/2000\/svg\"><path d=\"M696 533C708 521 713 504 713 487 713 471 708 454 696 446L400 146C388 133 375 125 354 125 338 125 325 129 313 142 300 154 292 171 292 187 292 204 296 221 308 233L563 492 304 771C292 783 288 800 288 817 288 833 296 850 308 863 321 871 338 875 354 875 371 875 388 867 400 854L696 533Z\"><\/path><\/svg>\t\t\t\t\t<\/div>\n\t\t\t\t\n\t\t\t\t\t\t\t\t\t<div class=\"swiper-pagination\"><\/div>\n\t\t\t\t\t\t\t\t\t<\/div>\n\t\t\t\t\t\t<\/div>\n\t\t\t\t<\/div>\n\t\t\t\t\t<\/div>\n\t\t\t\t<\/div>\n\t\t<div class=\"wd-negative-gap elementor-element elementor-element-f732f5d e-flex e-con-boxed e-con e-parent\" data-id=\"f732f5d\" data-element_type=\"container\">\n\t\t\t\t\t<div class=\"e-con-inner\">\n\t\t\t\t<div class=\"elementor-element elementor-element-20cbdff elementor-widget elementor-widget-heading\" data-id=\"20cbdff\" data-element_type=\"widget\" data-widget_type=\"heading.default\">\n\t\t\t\t<div class=\"elementor-widget-container\">\n\t\t\t\t\t<h2 class=\"elementor-heading-title elementor-size-default\"><a href=\"https:\/\/barantat.com.tr\/en\/urunler\/\">Our selection pistachio pate, have you tried?<\/a><\/h2>\t\t\t\t<\/div>\n\t\t\t\t<\/div>\n\t\t\t\t<div class=\"elementor-element elementor-element-6b50717 elementor-widget elementor-widget-wd_image_or_svg\" data-id=\"6b50717\" data-element_type=\"widget\" data-widget_type=\"wd_image_or_svg.default\">\n\t\t\t\t<div class=\"elementor-widget-container\">\n\t\t\t\t\t\n\t\t<div class=\"wd-image text-left\">\n\t\t\t\t\t\t\t<a  href=\"https:\/\/barantat.com.tr\/en\/urunler\/\" aria-label=\"Image link\">\n\t\t\t\t\t\t\t\t<img loading=\"lazy\" decoding=\"async\" width=\"2560\" height=\"1062\" src=\"https:\/\/barantat.com.tr\/wp-content\/uploads\/2025\/11\/ezme-scaled.png\" class=\"attachment-full size-full\" alt=\"\" srcset=\"https:\/\/barantat.com.tr\/wp-content\/uploads\/2025\/11\/ezme-scaled.png 2560w, https:\/\/barantat.com.tr\/wp-content\/uploads\/2025\/11\/ezme-400x166.png 400w, https:\/\/barantat.com.tr\/wp-content\/uploads\/2025\/11\/ezme-1300x539.png 1300w, https:\/\/barantat.com.tr\/wp-content\/uploads\/2025\/11\/ezme-768x319.png 768w, https:\/\/barantat.com.tr\/wp-content\/uploads\/2025\/11\/ezme-1536x637.png 1536w, https:\/\/barantat.com.tr\/wp-content\/uploads\/2025\/11\/ezme-2048x850.png 2048w, https:\/\/barantat.com.tr\/wp-content\/uploads\/2025\/11\/ezme-430x178.png 430w, https:\/\/barantat.com.tr\/wp-content\/uploads\/2025\/11\/ezme-700x290.png 700w, https:\/\/barantat.com.tr\/wp-content\/uploads\/2025\/11\/ezme-150x62.png 150w\" sizes=\"auto, (max-width: 2560px) 100vw, 2560px\" \/>\t\t\t\t\t\t\t<\/a>\n\t\t\t\t\t<\/div>\n\n\t\t\t\t\t\t<\/div>\n\t\t\t\t<\/div>\n\t\t\t\t\t<\/div>\n\t\t\t\t<\/div>\n\t\t\t\t<\/div>","protected":false},"excerpt":{"rendered":"<p>Do\u011fan\u0131n Lezzetlerini sizlere sunuyoruz&#8230; Do\u011fan\u0131n verimli topraklar\u0131ndan \u00f6zenle elde etti\u011fimiz hasad\u0131m\u0131z\u0131 do\u011fan\u0131n g\u00fczelliklerine sayg\u0131 duyarak topluyor ve sizlere sunuyoruz.. \u00dcR\u00dcNLER\u0130M\u0130Z<\/p>","protected":false},"author":3,"featured_media":0,"parent":0,"menu_order":0,"comment_status":"closed","ping_status":"closed","template":"","meta":{"footnotes":""},"class_list":["post-7033","page","type-page","status-publish","hentry"],"_links":{"self":[{"href":"https:\/\/barantat.com.tr\/en\/wp-json\/wp\/v2\/pages\/7033","targetHints":{"allow":["GET"]}}],"collection":[{"href":"https:\/\/barantat.com.tr\/en\/wp-json\/wp\/v2\/pages"}],"about":[{"href":"https:\/\/barantat.com.tr\/en\/wp-json\/wp\/v2\/types\/page"}],"author":[{"embeddable":true,"href":"https:\/\/barantat.com.tr\/en\/wp-json\/wp\/v2\/users\/3"}],"replies":[{"embeddable":true,"href":"https:\/\/barantat.com.tr\/en\/wp-json\/wp\/v2\/comments?post=7033"}],"version-history":[{"count":148,"href":"https:\/\/barantat.com.tr\/en\/wp-json\/wp\/v2\/pages\/7033\/revisions"}],"predecessor-version":[{"id":34215,"href":"https:\/\/barantat.com.tr\/en\/wp-json\/wp\/v2\/pages\/7033\/revisions\/34215"}],"wp:attachment":[{"href":"https:\/\/barantat.com.tr\/en\/wp-json\/wp\/v2\/media?parent=7033"}],"curies":[{"name":"wp","href":"https:\/\/api.w.org\/{rel}","templated":true}]}}